{"id":41,"date":"2023-11-24T10:19:19","date_gmt":"2023-11-24T09:19:19","guid":{"rendered":"http:\/\/falklack.se\/?page_id=41"},"modified":"2025-01-28T14:19:29","modified_gmt":"2025-01-28T13:19:29","slug":"kvalitet-miljo","status":"publish","type":"page","link":"https:\/\/falklack.se\/kvalitet-miljo\/","title":{"rendered":"Kvalitet &#038; Miljo"},"content":{"rendered":"\t\t<div data-elementor-type=\"wp-page\" data-elementor-id=\"41\" class=\"elementor elementor-41\">\n\t\t\t\t<div class=\"elementor-element elementor-element-5ab4524 e-con-full e-flex e-con e-parent\" data-id=\"5ab4524\" data-element_type=\"container\">\n\t\t\t\t<div class=\"elementor-element elementor-element-5e7f2bd elementor-widget elementor-widget-image\" data-id=\"5e7f2bd\" data-element_type=\"widget\" data-widget_type=\"image.default\">\n\t\t\t\t<div class=\"elementor-widget-container\">\n\t\t\t\t\t\t\t\t\t\t\t\t\t\t\t<img fetchpriority=\"high\" decoding=\"async\" width=\"2560\" height=\"533\" src=\"https:\/\/falklack.se\/wp-content\/uploads\/2023\/11\/banner-ny-1-scaled.jpg\" class=\"attachment-full size-full wp-image-112\" alt=\"Bildmontage av lackeringsprocess med reng\u00f6ring, ytbehandling, m\u00e5lning och f\u00e4rdig leverans med lastbil\" srcset=\"https:\/\/falklack.se\/wp-content\/uploads\/2023\/11\/banner-ny-1-scaled.jpg 2560w, https:\/\/falklack.se\/wp-content\/uploads\/2023\/11\/banner-ny-1-300x63.jpg 300w, https:\/\/falklack.se\/wp-content\/uploads\/2023\/11\/banner-ny-1-1024x213.jpg 1024w, https:\/\/falklack.se\/wp-content\/uploads\/2023\/11\/banner-ny-1-768x160.jpg 768w, https:\/\/falklack.se\/wp-content\/uploads\/2023\/11\/banner-ny-1-1536x320.jpg 1536w, https:\/\/falklack.se\/wp-content\/uploads\/2023\/11\/banner-ny-1-2048x427.jpg 2048w\" sizes=\"(max-width: 2560px) 100vw, 2560px\" \/>\t\t\t\t\t\t\t\t\t\t\t\t\t\t\t<\/div>\n\t\t\t\t<\/div>\n\t\t\t\t<\/div>\n\t\t<div class=\"elementor-element elementor-element-0e6136f e-flex e-con-boxed e-con e-parent\" data-id=\"0e6136f\" data-element_type=\"container\">\n\t\t\t\t\t<div class=\"e-con-inner\">\n\t\t\t\t<div class=\"elementor-element elementor-element-172a691 elementor-widget elementor-widget-spacer\" data-id=\"172a691\" data-element_type=\"widget\" data-widget_type=\"spacer.default\">\n\t\t\t\t<div class=\"elementor-widget-container\">\n\t\t\t\t\t\t\t<div class=\"elementor-spacer\">\n\t\t\t<div class=\"elementor-spacer-inner\"><\/div>\n\t\t<\/div>\n\t\t\t\t\t\t<\/div>\n\t\t\t\t<\/div>\n\t\t\t\t\t<\/div>\n\t\t\t\t<\/div>\n\t\t<div class=\"elementor-element elementor-element-c807009 e-flex e-con-boxed e-con e-parent\" data-id=\"c807009\" data-element_type=\"container\">\n\t\t\t\t\t<div class=\"e-con-inner\">\n\t\t<div class=\"elementor-element elementor-element-b0cb4dc e-con-full e-flex e-con e-child\" data-id=\"b0cb4dc\" data-element_type=\"container\">\n\t\t\t\t<div class=\"elementor-element elementor-element-2349cb5 elementor-widget elementor-widget-text-editor\" data-id=\"2349cb5\" data-element_type=\"widget\" data-widget_type=\"text-editor.default\">\n\t\t\t\t<div class=\"elementor-widget-container\">\n\t\t\t\t\t\t\t\t\t<h2>Kvalitets- och milj\u00f6ledningssystem<\/h2><p>Kvalitet och milj\u00f6 har alltid haft h\u00f6g prioritet hos FALK och certifierade kvalitets- och milj\u00f6ledningssystem finns sedan 1990-talet. Tack vare en avancerad och v\u00e4lsk\u00f6tt process med h\u00f6g kvalitet, blev FALK godk\u00e4nd som leverant\u00f6r till svenska fordonstillverkare redan p\u00e5 tidigt 80-tal. FALK \u00e4r certifierat enligt ISO 9001.<\/p><p>FALK har alltid varit m\u00e5n om milj\u00f6n och en tidig certifiering enligt ISO 14001 har varit en del i detta. Satsning p\u00e5 pulverlackering redan p\u00e5 70-talet innebar en process utan l\u00f6sningsmedel. I kombination med zinkfosfatering var FALK pionj\u00e4r med att erbjuda en process d\u00e4r man kombinerade effektivt korrosionsskydd och milj\u00f6v\u00e4nlighet.<\/p><p>Ett detaljerat handlingsprogram, med fokus p\u00e5 st\u00e4ndiga f\u00f6rb\u00e4ttringar, garanterar en fortsatt positiv utveckling inom b\u00e5de kvalitet och milj\u00f6.<\/p>\t\t\t\t\t\t\t\t<\/div>\n\t\t\t\t<\/div>\n\t\t\t\t<\/div>\n\t\t<div class=\"elementor-element elementor-element-83b0fc3 e-con-full e-flex e-con e-child\" data-id=\"83b0fc3\" data-element_type=\"container\">\n\t\t\t\t<div class=\"elementor-element elementor-element-082d99e elementor-widget elementor-widget-image\" data-id=\"082d99e\" data-element_type=\"widget\" data-widget_type=\"image.default\">\n\t\t\t\t<div class=\"elementor-widget-container\">\n\t\t\t\t\t\t\t\t\t\t\t\t\t\t\t<img decoding=\"async\" width=\"685\" height=\"1024\" src=\"https:\/\/falklack.se\/wp-content\/uploads\/2023\/11\/JS4-2-685x1024.jpg\" class=\"attachment-large size-large wp-image-190\" alt=\"Tekniker utf\u00f6r m\u00e4tning p\u00e5 lackerade metallkomponenter i industriell milj\u00f6\" srcset=\"https:\/\/falklack.se\/wp-content\/uploads\/2023\/11\/JS4-2-685x1024.jpg 685w, https:\/\/falklack.se\/wp-content\/uploads\/2023\/11\/JS4-2-201x300.jpg 201w, https:\/\/falklack.se\/wp-content\/uploads\/2023\/11\/JS4-2-768x1148.jpg 768w, https:\/\/falklack.se\/wp-content\/uploads\/2023\/11\/JS4-2-1028x1536.jpg 1028w, https:\/\/falklack.se\/wp-content\/uploads\/2023\/11\/JS4-2-1370x2048.jpg 1370w, https:\/\/falklack.se\/wp-content\/uploads\/2023\/11\/JS4-2-scaled.jpg 1713w\" sizes=\"(max-width: 685px) 100vw, 685px\" \/>\t\t\t\t\t\t\t\t\t\t\t\t\t\t\t<\/div>\n\t\t\t\t<\/div>\n\t\t\t\t<\/div>\n\t\t\t\t\t<\/div>\n\t\t\t\t<\/div>\n\t\t<div class=\"elementor-element elementor-element-4a65fb0 e-flex e-con-boxed e-con e-parent\" data-id=\"4a65fb0\" data-element_type=\"container\">\n\t\t\t\t\t<div class=\"e-con-inner\">\n\t\t\t\t<div class=\"elementor-element elementor-element-bc99d73 elementor-widget elementor-widget-spacer\" data-id=\"bc99d73\" data-element_type=\"widget\" data-widget_type=\"spacer.default\">\n\t\t\t\t<div class=\"elementor-widget-container\">\n\t\t\t\t\t\t\t<div class=\"elementor-spacer\">\n\t\t\t<div class=\"elementor-spacer-inner\"><\/div>\n\t\t<\/div>\n\t\t\t\t\t\t<\/div>\n\t\t\t\t<\/div>\n\t\t\t\t\t<\/div>\n\t\t\t\t<\/div>\n\t\t<div class=\"elementor-element elementor-element-b946e00 e-flex e-con-boxed e-con e-parent\" data-id=\"b946e00\" data-element_type=\"container\">\n\t\t\t\t\t<div class=\"e-con-inner\">\n\t\t<div class=\"elementor-element elementor-element-487f2e5 e-con-full e-flex e-con e-child\" data-id=\"487f2e5\" data-element_type=\"container\">\n\t\t\t\t<div class=\"elementor-element elementor-element-6c3f3c6 elementor-widget elementor-widget-image\" data-id=\"6c3f3c6\" data-element_type=\"widget\" data-widget_type=\"image.default\">\n\t\t\t\t<div class=\"elementor-widget-container\">\n\t\t\t\t\t\t\t\t\t\t\t\t<figure class=\"wp-caption\">\n\t\t\t\t\t\t\t\t\t\t\t<a href=\"https:\/\/falklack.se\/wp-content\/uploads\/2025\/01\/Falk-Lack-AB-sv_.jpg\">\n\t\t\t\t\t\t\t<img decoding=\"async\" src=\"https:\/\/falklack.se\/wp-content\/uploads\/elementor\/thumbs\/Falk-Lack-AB-sv_-r0o99yfclbsiszzrkog187631b1ku3654talp7gbwk.jpg\" title=\"Falk Lack AB sv_\" alt=\"Falk Lack AB sv_\" class=\"elementor-animation-grow\" loading=\"lazy\" \/>\t\t\t\t\t\t\t\t<\/a>\n\t\t\t\t\t\t\t\t\t\t\t<figcaption class=\"widget-image-caption wp-caption-text\">ISO Certifikat SV<\/figcaption>\n\t\t\t\t\t\t\t\t\t\t<\/figure>\n\t\t\t\t\t\t\t\t\t<\/div>\n\t\t\t\t<\/div>\n\t\t\t\t<\/div>\n\t\t<div class=\"elementor-element elementor-element-1ef315d e-con-full e-flex e-con e-child\" data-id=\"1ef315d\" data-element_type=\"container\">\n\t\t\t\t<div class=\"elementor-element elementor-element-2862178 elementor-widget elementor-widget-image\" data-id=\"2862178\" data-element_type=\"widget\" data-widget_type=\"image.default\">\n\t\t\t\t<div class=\"elementor-widget-container\">\n\t\t\t\t\t\t\t\t\t\t\t\t<figure class=\"wp-caption\">\n\t\t\t\t\t\t\t\t\t\t\t<a href=\"https:\/\/falklack.se\/wp-content\/uploads\/2025\/01\/Falk-Lack-AB-eng_.jpg\">\n\t\t\t\t\t\t\t<img decoding=\"async\" src=\"https:\/\/falklack.se\/wp-content\/uploads\/elementor\/thumbs\/Falk-Lack-AB-eng_-r0o99l9lxnaiagivpir99ahmpwufubpwf05szbzubo.jpg\" title=\"Falk Lack AB eng_\" alt=\"Falk Lack AB eng_\" class=\"elementor-animation-grow\" loading=\"lazy\" \/>\t\t\t\t\t\t\t\t<\/a>\n\t\t\t\t\t\t\t\t\t\t\t<figcaption class=\"widget-image-caption wp-caption-text\">ISO Certifikat ENG<\/figcaption>\n\t\t\t\t\t\t\t\t\t\t<\/figure>\n\t\t\t\t\t\t\t\t\t<\/div>\n\t\t\t\t<\/div>\n\t\t\t\t<\/div>\n\t\t\t\t\t<\/div>\n\t\t\t\t<\/div>\n\t\t\t\t<\/div>\n\t\t","protected":false},"excerpt":{"rendered":"<p>Kvalitets- och milj\u00f6ledningssystem Kvalitet och milj\u00f6 har alltid haft h\u00f6g prioritet hos FALK och certifierade kvalitets- och milj\u00f6ledningssystem finns sedan 1990-talet. Tack vare en avancerad och v\u00e4lsk\u00f6tt process med h\u00f6g kvalitet, blev FALK godk\u00e4nd som leverant\u00f6r till svenska fordonstillverkare redan p\u00e5 tidigt 80-tal. FALK \u00e4r certifierat enligt ISO 9001. FALK har alltid varit m\u00e5n om [&hellip;]<\/p>\n","protected":false},"author":1,"featured_media":0,"parent":0,"menu_order":0,"comment_status":"closed","ping_status":"closed","template":"","meta":{"site-sidebar-layout":"no-sidebar","site-content-layout":"","ast-site-content-layout":"full-width-container","site-content-style":"default","site-sidebar-style":"default","ast-global-header-display":"","ast-banner-title-visibility":"","ast-main-header-display":"","ast-hfb-above-header-display":"","ast-hfb-below-header-display":"","ast-hfb-mobile-header-display":"","site-post-title":"disabled","ast-breadcrumbs-content":"","ast-featured-img":"disabled","footer-sml-layout":"","theme-transparent-header-meta":"","adv-header-id-meta":"","stick-header-meta":"","header-above-stick-meta":"","header-main-stick-meta":"","header-below-stick-meta":"","astra-migrate-meta-layouts":"default","ast-page-background-enabled":"default","ast-page-background-meta":{"desktop":{"background-color":"var(--ast-global-color-4)","background-image":"","background-repeat":"repeat","background-position":"center center","background-size":"auto","background-attachment":"scroll","background-type":"","background-media":"","overlay-type":"","overlay-color":"","overlay-opacity":"","overlay-gradient":""},"tablet":{"background-color":"","background-image":"","background-repeat":"repeat","background-position":"center center","background-size":"auto","background-attachment":"scroll","background-type":"","background-media":"","overlay-type":"","overlay-color":"","overlay-opacity":"","overlay-gradient":""},"mobile":{"background-color":"","background-image":"","background-repeat":"repeat","background-position":"center center","background-size":"auto","background-attachment":"scroll","background-type":"","background-media":"","overlay-type":"","overlay-color":"","overlay-opacity":"","overlay-gradient":""}},"ast-content-background-meta":{"desktop":{"background-color":"var(--ast-global-color-5)","background-image":"","background-repeat":"repeat","background-position":"center center","background-size":"auto","background-attachment":"scroll","background-type":"","background-media":"","overlay-type":"","overlay-color":"","overlay-opacity":"","overlay-gradient":""},"tablet":{"background-color":"var(--ast-global-color-5)","background-image":"","background-repeat":"repeat","background-position":"center center","background-size":"auto","background-attachment":"scroll","background-type":"","background-media":"","overlay-type":"","overlay-color":"","overlay-opacity":"","overlay-gradient":""},"mobile":{"background-color":"var(--ast-global-color-5)","background-image":"","background-repeat":"repeat","background-position":"center center","background-size":"auto","background-attachment":"scroll","background-type":"","background-media":"","overlay-type":"","overlay-color":"","overlay-opacity":"","overlay-gradient":""}},"footnotes":""},"class_list":["post-41","page","type-page","status-publish","hentry"],"_links":{"self":[{"href":"https:\/\/falklack.se\/wp-json\/wp\/v2\/pages\/41","targetHints":{"allow":["GET"]}}],"collection":[{"href":"https:\/\/falklack.se\/wp-json\/wp\/v2\/pages"}],"about":[{"href":"https:\/\/falklack.se\/wp-json\/wp\/v2\/types\/page"}],"author":[{"embeddable":true,"href":"https:\/\/falklack.se\/wp-json\/wp\/v2\/users\/1"}],"replies":[{"embeddable":true,"href":"https:\/\/falklack.se\/wp-json\/wp\/v2\/comments?post=41"}],"version-history":[{"count":28,"href":"https:\/\/falklack.se\/wp-json\/wp\/v2\/pages\/41\/revisions"}],"predecessor-version":[{"id":489,"href":"https:\/\/falklack.se\/wp-json\/wp\/v2\/pages\/41\/revisions\/489"}],"wp:attachment":[{"href":"https:\/\/falklack.se\/wp-json\/wp\/v2\/media?parent=41"}],"curies":[{"name":"wp","href":"https:\/\/api.w.org\/{rel}","templated":true}]}}