{"id":43,"date":"2023-11-24T10:19:39","date_gmt":"2023-11-24T09:19:39","guid":{"rendered":"http:\/\/falklack.se\/?page_id=43"},"modified":"2026-04-14T15:17:43","modified_gmt":"2026-04-14T13:17:43","slug":"lackeringsprocess","status":"publish","type":"page","link":"https:\/\/falklack.se\/lackeringsprocess\/","title":{"rendered":"Lackeringsprocess"},"content":{"rendered":"\t\t<div data-elementor-type=\"wp-page\" data-elementor-id=\"43\" class=\"elementor elementor-43\">\n\t\t\t\t<div class=\"elementor-element elementor-element-12911a4 e-con-full e-flex e-con e-parent\" data-id=\"12911a4\" data-element_type=\"container\">\n\t\t\t\t<div class=\"elementor-element elementor-element-1289e86 elementor-widget elementor-widget-image\" data-id=\"1289e86\" data-element_type=\"widget\" data-widget_type=\"image.default\">\n\t\t\t\t<div class=\"elementor-widget-container\">\n\t\t\t\t\t\t\t\t\t\t\t\t\t\t\t<img fetchpriority=\"high\" decoding=\"async\" width=\"2560\" height=\"533\" src=\"https:\/\/falklack.se\/wp-content\/uploads\/2023\/11\/banner-ny-1-scaled.jpg\" class=\"attachment-full size-full wp-image-112\" alt=\"Bildmontage av lackeringsprocess med reng\u00f6ring, ytbehandling, m\u00e5lning och f\u00e4rdig leverans med lastbil\" srcset=\"https:\/\/falklack.se\/wp-content\/uploads\/2023\/11\/banner-ny-1-scaled.jpg 2560w, https:\/\/falklack.se\/wp-content\/uploads\/2023\/11\/banner-ny-1-300x63.jpg 300w, https:\/\/falklack.se\/wp-content\/uploads\/2023\/11\/banner-ny-1-1024x213.jpg 1024w, https:\/\/falklack.se\/wp-content\/uploads\/2023\/11\/banner-ny-1-768x160.jpg 768w, https:\/\/falklack.se\/wp-content\/uploads\/2023\/11\/banner-ny-1-1536x320.jpg 1536w, https:\/\/falklack.se\/wp-content\/uploads\/2023\/11\/banner-ny-1-2048x427.jpg 2048w\" sizes=\"(max-width: 2560px) 100vw, 2560px\" \/>\t\t\t\t\t\t\t\t\t\t\t\t\t\t\t<\/div>\n\t\t\t\t<\/div>\n\t\t\t\t<\/div>\n\t\t<div class=\"elementor-element elementor-element-67cabb1 e-flex e-con-boxed e-con e-parent\" data-id=\"67cabb1\" data-element_type=\"container\">\n\t\t\t\t\t<div class=\"e-con-inner\">\n\t\t\t\t<div class=\"elementor-element elementor-element-4744f2c elementor-widget elementor-widget-text-editor\" data-id=\"4744f2c\" data-element_type=\"widget\" data-widget_type=\"text-editor.default\">\n\t\t\t\t<div class=\"elementor-widget-container\">\n\t\t\t\t\t\t\t\t\t<h3>Zinkmanganfosfatering, elektrodopplackering och pulverlackering.<\/h3><p>FALK har en lackeringsprocess som \u00e4r utvecklad f\u00f6r mycket h\u00f6ga krav p\u00e5 korrosionsskydd. Kunderna finns inom fordonsindustrin, byggsektorn och masttillverkning.<\/p><p>Processen best\u00e5r av tre delar: f\u00f6rbehandling, grundm\u00e5lning och t\u00e4ckm\u00e5lning. V\u00e5r ambition \u00e4r att alltid satsa p\u00e5 b\u00e4sta m\u00f6jliga kvalitet, funktion och milj\u00f6v\u00e4nlighet. Det har resulterat i att de olika processdelarna tillh\u00f6r de mest avancerade p\u00e5 marknaden.<\/p><p>Den kompletta processen best\u00e5r av zinkmanganfosfatering, elektrodopplackering och pulverlackering. Denna ytbehandling l\u00e4mpar sig v\u00e4l f\u00f6r t ex kallvalsat st\u00e5l, el- och varmf\u00f6rzinkat st\u00e5l och aluminium.<\/p>\t\t\t\t\t\t\t\t<\/div>\n\t\t\t\t<\/div>\n\t\t\t\t\t<\/div>\n\t\t\t\t<\/div>\n\t\t<div class=\"elementor-element elementor-element-4b41066 e-flex e-con-boxed e-con e-parent\" data-id=\"4b41066\" data-element_type=\"container\">\n\t\t\t\t\t<div class=\"e-con-inner\">\n\t\t<div class=\"elementor-element elementor-element-6f07c6c e-con-full e-flex e-con e-child\" data-id=\"6f07c6c\" data-element_type=\"container\">\n\t\t\t\t<div class=\"elementor-element elementor-element-96fb8bc elementor-widget elementor-widget-image\" data-id=\"96fb8bc\" data-element_type=\"widget\" data-widget_type=\"image.default\">\n\t\t\t\t<div class=\"elementor-widget-container\">\n\t\t\t\t\t\t\t\t\t\t\t\t\t\t\t\t<a href=\"\/forbehandling\/\">\n\t\t\t\t\t\t\t<img decoding=\"async\" src=\"https:\/\/falklack.se\/wp-content\/uploads\/elementor\/thumbs\/1-klar-qftresyh2ut7vfc4q4c3ttm2f17drr4f0dzvlec9tk.jpg\" title=\"1-klar\" alt=\"1-klar\" loading=\"lazy\" \/>\t\t\t\t\t\t\t\t<\/a>\n\t\t\t\t\t\t\t\t\t\t\t\t\t\t\t<\/div>\n\t\t\t\t<\/div>\n\t\t\t\t<div class=\"elementor-element elementor-element-74a8a1e elementor-widget elementor-widget-heading\" data-id=\"74a8a1e\" data-element_type=\"widget\" data-widget_type=\"heading.default\">\n\t\t\t\t<div class=\"elementor-widget-container\">\n\t\t\t\t\t<h2 class=\"elementor-heading-title elementor-size-default\">F\u00f6rbehandling<\/h2>\t\t\t\t<\/div>\n\t\t\t\t<\/div>\n\t\t\t\t<\/div>\n\t\t<div class=\"elementor-element elementor-element-202f1c0 e-con-full e-flex e-con e-child\" data-id=\"202f1c0\" data-element_type=\"container\">\n\t\t\t\t<div class=\"elementor-element elementor-element-ecf8a54 elementor-widget elementor-widget-image\" data-id=\"ecf8a54\" data-element_type=\"widget\" data-widget_type=\"image.default\">\n\t\t\t\t<div class=\"elementor-widget-container\">\n\t\t\t\t\t\t\t\t\t\t\t\t\t\t\t\t<a href=\"\/grundmalning\/\">\n\t\t\t\t\t\t\t<img decoding=\"async\" src=\"https:\/\/falklack.se\/wp-content\/uploads\/elementor\/thumbs\/2-klar-qftreuu5givsin9ef55cyt4zlsy475bvonaujy9hh4.jpg\" title=\"2-klar\" alt=\"2-klar\" loading=\"lazy\" \/>\t\t\t\t\t\t\t\t<\/a>\n\t\t\t\t\t\t\t\t\t\t\t\t\t\t\t<\/div>\n\t\t\t\t<\/div>\n\t\t\t\t<div class=\"elementor-element elementor-element-5123689 elementor-widget elementor-widget-heading\" data-id=\"5123689\" data-element_type=\"widget\" data-widget_type=\"heading.default\">\n\t\t\t\t<div class=\"elementor-widget-container\">\n\t\t\t\t\t<h2 class=\"elementor-heading-title elementor-size-default\">Grundm\u00e5lning<\/h2>\t\t\t\t<\/div>\n\t\t\t\t<\/div>\n\t\t\t\t<\/div>\n\t\t<div class=\"elementor-element elementor-element-0065709 e-con-full e-flex e-con e-child\" data-id=\"0065709\" data-element_type=\"container\">\n\t\t\t\t<div class=\"elementor-element elementor-element-750f0d1 elementor-widget elementor-widget-image\" data-id=\"750f0d1\" data-element_type=\"widget\" data-widget_type=\"image.default\">\n\t\t\t\t<div class=\"elementor-widget-container\">\n\t\t\t\t\t\t\t\t\t\t\t\t\t\t\t\t<a href=\"\/pulverlackering\/\">\n\t\t\t\t\t\t\t<img decoding=\"async\" src=\"https:\/\/falklack.se\/wp-content\/uploads\/elementor\/thumbs\/3-klar-qftrevrzncx2u9819njzjawg76theufm0ryc1883aw.jpg\" title=\"3-klar\" alt=\"3-klar\" loading=\"lazy\" \/>\t\t\t\t\t\t\t\t<\/a>\n\t\t\t\t\t\t\t\t\t\t\t\t\t\t\t<\/div>\n\t\t\t\t<\/div>\n\t\t\t\t<div class=\"elementor-element elementor-element-5992e7e elementor-widget elementor-widget-heading\" data-id=\"5992e7e\" data-element_type=\"widget\" data-widget_type=\"heading.default\">\n\t\t\t\t<div class=\"elementor-widget-container\">\n\t\t\t\t\t<h2 class=\"elementor-heading-title elementor-size-default\">T\u00e4ckm\u00e5lning<\/h2>\t\t\t\t<\/div>\n\t\t\t\t<\/div>\n\t\t\t\t<\/div>\n\t\t<div class=\"elementor-element elementor-element-b3d83d2 e-con-full e-flex e-con e-child\" data-id=\"b3d83d2\" data-element_type=\"container\">\n\t\t\t\t<div class=\"elementor-element elementor-element-3470394 elementor-widget elementor-widget-image\" data-id=\"3470394\" data-element_type=\"widget\" data-widget_type=\"image.default\">\n\t\t\t\t<div class=\"elementor-widget-container\">\n\t\t\t\t\t\t\t\t\t\t\t\t\t\t\t\t<a href=\"\/montering\/\">\n\t\t\t\t\t\t\t<img decoding=\"async\" src=\"https:\/\/falklack.se\/wp-content\/uploads\/elementor\/thumbs\/4-klar-qftrexno10znhh5ayod8oafddyk7u8n2p19azs5ayg.jpg\" title=\"4-klar\" alt=\"4-klar\" loading=\"lazy\" \/>\t\t\t\t\t\t\t\t<\/a>\n\t\t\t\t\t\t\t\t\t\t\t\t\t\t\t<\/div>\n\t\t\t\t<\/div>\n\t\t\t\t<div class=\"elementor-element elementor-element-a5a1f4e elementor-widget elementor-widget-heading\" data-id=\"a5a1f4e\" data-element_type=\"widget\" data-widget_type=\"heading.default\">\n\t\t\t\t<div class=\"elementor-widget-container\">\n\t\t\t\t\t<h2 class=\"elementor-heading-title elementor-size-default\">Montering<\/h2>\t\t\t\t<\/div>\n\t\t\t\t<\/div>\n\t\t\t\t<\/div>\n\t\t\t\t\t<\/div>\n\t\t\t\t<\/div>\n\t\t<div class=\"elementor-element elementor-element-c46d758 e-flex e-con-boxed e-con e-parent\" data-id=\"c46d758\" data-element_type=\"container\">\n\t\t\t\t\t<div class=\"e-con-inner\">\n\t\t\t\t<div class=\"elementor-element elementor-element-992f043 elementor-widget elementor-widget-spacer\" data-id=\"992f043\" data-element_type=\"widget\" data-widget_type=\"spacer.default\">\n\t\t\t\t<div class=\"elementor-widget-container\">\n\t\t\t\t\t\t\t<div class=\"elementor-spacer\">\n\t\t\t<div class=\"elementor-spacer-inner\"><\/div>\n\t\t<\/div>\n\t\t\t\t\t\t<\/div>\n\t\t\t\t<\/div>\n\t\t\t\t\t<\/div>\n\t\t\t\t<\/div>\n\t\t\t\t<\/div>\n\t\t","protected":false},"excerpt":{"rendered":"<p>Zinkmanganfosfatering, elektrodopplackering och pulverlackering. FALK har en lackeringsprocess som \u00e4r utvecklad f\u00f6r mycket h\u00f6ga krav p\u00e5 korrosionsskydd. Kunderna finns inom fordonsindustrin, byggsektorn och masttillverkning. Processen best\u00e5r av tre delar: f\u00f6rbehandling, grundm\u00e5lning och t\u00e4ckm\u00e5lning. V\u00e5r ambition \u00e4r att alltid satsa p\u00e5 b\u00e4sta m\u00f6jliga kvalitet, funktion och milj\u00f6v\u00e4nlighet. Det har resulterat i att de olika processdelarna tillh\u00f6r [&hellip;]<\/p>\n","protected":false},"author":1,"featured_media":0,"parent":0,"menu_order":0,"comment_status":"closed","ping_status":"closed","template":"","meta":{"site-sidebar-layout":"no-sidebar","site-content-layout":"","ast-site-content-layout":"full-width-container","site-content-style":"default","site-sidebar-style":"default","ast-global-header-display":"","ast-banner-title-visibility":"","ast-main-header-display":"","ast-hfb-above-header-display":"","ast-hfb-below-header-display":"","ast-hfb-mobile-header-display":"","site-post-title":"disabled","ast-breadcrumbs-content":"","ast-featured-img":"disabled","footer-sml-layout":"","theme-transparent-header-meta":"","adv-header-id-meta":"","stick-header-meta":"","header-above-stick-meta":"","header-main-stick-meta":"","header-below-stick-meta":"","astra-migrate-meta-layouts":"default","ast-page-background-enabled":"default","ast-page-background-meta":{"desktop":{"background-color":"var(--ast-global-color-4)","background-image":"","background-repeat":"repeat","background-position":"center center","background-size":"auto","background-attachment":"scroll","background-type":"","background-media":"","overlay-type":"","overlay-color":"","overlay-opacity":"","overlay-gradient":""},"tablet":{"background-color":"","background-image":"","background-repeat":"repeat","background-position":"center center","background-size":"auto","background-attachment":"scroll","background-type":"","background-media":"","overlay-type":"","overlay-color":"","overlay-opacity":"","overlay-gradient":""},"mobile":{"background-color":"","background-image":"","background-repeat":"repeat","background-position":"center center","background-size":"auto","background-attachment":"scroll","background-type":"","background-media":"","overlay-type":"","overlay-color":"","overlay-opacity":"","overlay-gradient":""}},"ast-content-background-meta":{"desktop":{"background-color":"var(--ast-global-color-5)","background-image":"","background-repeat":"repeat","background-position":"center center","background-size":"auto","background-attachment":"scroll","background-type":"","background-media":"","overlay-type":"","overlay-color":"","overlay-opacity":"","overlay-gradient":""},"tablet":{"background-color":"var(--ast-global-color-5)","background-image":"","background-repeat":"repeat","background-position":"center center","background-size":"auto","background-attachment":"scroll","background-type":"","background-media":"","overlay-type":"","overlay-color":"","overlay-opacity":"","overlay-gradient":""},"mobile":{"background-color":"var(--ast-global-color-5)","background-image":"","background-repeat":"repeat","background-position":"center center","background-size":"auto","background-attachment":"scroll","background-type":"","background-media":"","overlay-type":"","overlay-color":"","overlay-opacity":"","overlay-gradient":""}},"footnotes":""},"class_list":["post-43","page","type-page","status-publish","hentry"],"_links":{"self":[{"href":"https:\/\/falklack.se\/wp-json\/wp\/v2\/pages\/43","targetHints":{"allow":["GET"]}}],"collection":[{"href":"https:\/\/falklack.se\/wp-json\/wp\/v2\/pages"}],"about":[{"href":"https:\/\/falklack.se\/wp-json\/wp\/v2\/types\/page"}],"author":[{"embeddable":true,"href":"https:\/\/falklack.se\/wp-json\/wp\/v2\/users\/1"}],"replies":[{"embeddable":true,"href":"https:\/\/falklack.se\/wp-json\/wp\/v2\/comments?post=43"}],"version-history":[{"count":25,"href":"https:\/\/falklack.se\/wp-json\/wp\/v2\/pages\/43\/revisions"}],"predecessor-version":[{"id":508,"href":"https:\/\/falklack.se\/wp-json\/wp\/v2\/pages\/43\/revisions\/508"}],"wp:attachment":[{"href":"https:\/\/falklack.se\/wp-json\/wp\/v2\/media?parent=43"}],"curies":[{"name":"wp","href":"https:\/\/api.w.org\/{rel}","templated":true}]}}